{"id":3714,"date":"2025-07-23T17:08:13","date_gmt":"2025-07-24T00:08:13","guid":{"rendered":"https:\/\/www.showvegasrealty.com\/?page_id=3714"},"modified":"2025-10-06T09:46:53","modified_gmt":"2025-10-06T16:46:53","slug":"utilities","status":"publish","type":"page","link":"https:\/\/www.showvegasrealty.com\/ro\/utilities\/","title":{"rendered":"Utilit\u0103\u021bi"},"content":{"rendered":"<div data-elementor-type=\"wp-page\" data-elementor-id=\"3714\" class=\"elementor elementor-3714\" data-elementor-post-type=\"page\">\n\t\t\t\t<div class=\"elementor-element elementor-element-6efc0d5 e-con-full e-flex e-con e-parent\" data-id=\"6efc0d5\" data-element_type=\"container\" data-e-type=\"container\" data-settings=\"{&quot;background_background&quot;:&quot;classic&quot;}\">\n\t\t\t\t<div class=\"elementor-element elementor-element-c061a31 elementor-widget elementor-widget-spacer\" data-id=\"c061a31\" data-element_type=\"widget\" data-e-type=\"widget\" data-widget_type=\"spacer.default\">\n\t\t\t\t<div class=\"elementor-widget-container\">\n\t\t\t\t\t\t\t<div class=\"elementor-spacer\">\n\t\t\t<div class=\"elementor-spacer-inner\"><\/div>\n\t\t<\/div>\n\t\t\t\t\t\t<\/div>\n\t\t\t\t<\/div>\n\t\t\t\t<div class=\"elementor-element elementor-element-bf967c2 elementor-widget elementor-widget-heading\" data-id=\"bf967c2\" data-element_type=\"widget\" data-e-type=\"widget\" data-widget_type=\"heading.default\">\n\t\t\t\t<div class=\"elementor-widget-container\">\n\t\t\t\t\t<h1 class=\"elementor-heading-title elementor-size-default\">Utilit\u0103\u021bi<\/h1>\t\t\t\t<\/div>\n\t\t\t\t<\/div>\n\t\t<div class=\"elementor-element elementor-element-9a59bdc e-con-full e-flex e-con e-child\" data-id=\"9a59bdc\" data-element_type=\"container\" data-e-type=\"container\">\n\t\t\t\t<div class=\"elementor-element elementor-element-70c536a elementor-mobile-align-justify elementor-widget-mobile__width-inherit elementor-widget elementor-widget-button\" data-id=\"70c536a\" data-element_type=\"widget\" data-e-type=\"widget\" data-widget_type=\"button.default\">\n\t\t\t\t<div class=\"elementor-widget-container\">\n\t\t\t\t\t\t\t\t\t<div class=\"elementor-button-wrapper\">\n\t\t\t\t\t<a class=\"elementor-button elementor-button-link elementor-size-sm\" href=\"\/ro\/neighborhood-guide\/\">\n\t\t\t\t\t\t<span class=\"elementor-button-content-wrapper\">\n\t\t\t\t\t\t\t\t\t<span class=\"elementor-button-text\">Ghid de cartier<\/span>\n\t\t\t\t\t<\/span>\n\t\t\t\t\t<\/a>\n\t\t\t\t<\/div>\n\t\t\t\t\t\t\t\t<\/div>\n\t\t\t\t<\/div>\n\t\t\t\t<div class=\"elementor-element elementor-element-abb86c8 elementor-mobile-align-justify elementor-widget-mobile__width-inherit elementor-widget elementor-widget-button\" data-id=\"abb86c8\" data-element_type=\"widget\" data-e-type=\"widget\" data-widget_type=\"button.default\">\n\t\t\t\t<div class=\"elementor-widget-container\">\n\t\t\t\t\t\t\t\t\t<div class=\"elementor-button-wrapper\">\n\t\t\t\t\t<a class=\"elementor-button elementor-button-link elementor-size-sm\" href=\"tel:7025053233\">\n\t\t\t\t\t\t<span class=\"elementor-button-content-wrapper\">\n\t\t\t\t\t\t\t\t\t<span class=\"elementor-button-text\">Contacta\u0163i-ne<\/span>\n\t\t\t\t\t<\/span>\n\t\t\t\t\t<\/a>\n\t\t\t\t<\/div>\n\t\t\t\t\t\t\t\t<\/div>\n\t\t\t\t<\/div>\n\t\t\t\t<\/div>\n\t\t\t\t<\/div>\n\t\t<div class=\"elementor-element elementor-element-0f2664e e-flex e-con-boxed e-con e-parent\" data-id=\"0f2664e\" data-element_type=\"container\" data-e-type=\"container\">\n\t\t\t\t\t<div class=\"e-con-inner\">\n\t\t\t\t<div class=\"elementor-element elementor-element-22e107f e-n-tabs-mobile elementor-invisible elementor-widget elementor-widget-n-tabs\" data-id=\"22e107f\" data-element_type=\"widget\" data-e-type=\"widget\" data-settings=\"{&quot;tabs_justify_horizontal&quot;:&quot;center&quot;,&quot;horizontal_scroll_mobile&quot;:&quot;enable&quot;,&quot;_animation&quot;:&quot;fadeIn&quot;,&quot;horizontal_scroll&quot;:&quot;disable&quot;}\" data-widget_type=\"nested-tabs.default\">\n\t\t\t\t<div class=\"elementor-widget-container\">\n\t\t\t\t\t\t\t<div class=\"e-n-tabs\" data-widget-number=\"36573311\" aria-label=\"File. Deschizi elementele cu tasta Enter sau Spa\u021biu, le \u00eenchizi cu Esc \u0219i navighezi folosind tastele s\u0103ge\u021bi.\">\n\t\t\t<div class=\"e-n-tabs-heading\" role=\"tablist\">\n\t\t\t\t\t<button id=\"e-n-tab-title-365733111\" data-tab-title-id=\"e-n-tab-title-365733111\" class=\"e-n-tab-title\" aria-selected=\"true\" data-tab-index=\"1\" role=\"tab\" tabindex=\"0\" aria-controls=\"e-n-tab-content-365733111\" style=\"--n-tabs-title-order: 1;\">\n\t\t\t\t\t\t<span class=\"e-n-tab-title-text\">\n\t\t\t\t\u00cendrumare de specialitate\t\t\t<\/span>\n\t\t<\/button>\n\t\t\t\t\t<\/div>\n\t\t\t<div class=\"e-n-tabs-content\">\n\t\t\t\t<div id=\"e-n-tab-content-365733111\" role=\"tabpanel\" aria-labelledby=\"e-n-tab-title-365733111\" data-tab-index=\"1\" style=\"--n-tabs-title-order: 1;\" class=\"e-active elementor-element elementor-element-19f0526 e-con-full e-flex e-con e-child\" data-id=\"19f0526\" data-element_type=\"container\" data-e-type=\"container\">\n\t\t\t\t<div class=\"elementor-element elementor-element-36af4c1 elementor-widget elementor-widget-heading\" data-id=\"36af4c1\" data-element_type=\"widget\" data-e-type=\"widget\" data-widget_type=\"heading.default\">\n\t\t\t\t<div class=\"elementor-widget-container\">\n\t\t\t\t\t<h2 class=\"elementor-heading-title elementor-size-default\">Lista de utilit\u0103\u021bi din Las Vegas<\/h2>\t\t\t\t<\/div>\n\t\t\t\t<\/div>\n\t\t\t\t<div class=\"elementor-element elementor-element-ebcb378 elementor-widget elementor-widget-heading\" data-id=\"ebcb378\" data-element_type=\"widget\" data-e-type=\"widget\" data-widget_type=\"heading.default\">\n\t\t\t\t<div class=\"elementor-widget-container\">\n\t\t\t\t\t<h3 class=\"elementor-heading-title elementor-size-default\">Certificat. Responsiv. Profesional.<\/h3>\t\t\t\t<\/div>\n\t\t\t\t<\/div>\n\t\t\t\t<div class=\"elementor-element elementor-element-53d10f1 elementor-widget__width-initial elementor-widget-mobile__width-inherit elementor-widget-tablet__width-inherit elementor-widget elementor-widget-text-editor\" data-id=\"53d10f1\" data-element_type=\"widget\" data-e-type=\"widget\" data-widget_type=\"text-editor.default\">\n\t\t\t\t<div class=\"elementor-widget-container\">\n\t\t\t\t\t\t\t\t\t<p>C\u00e2nd vine momentul s\u0103 v\u0103 muta\u021bi, ve\u021bi avea nevoie de o list\u0103 cu utilit\u0103\u021bi din Las Vegas. Aceast\u0103 list\u0103 include servicii populare pentru zona Las Vegas, North Las Vegas \u0219i Henderson. Dac\u0103 nu a\u021bi achizi\u021bionat \u00eenc\u0103 o cas\u0103 \u00een Las Vegas \u0219i c\u0103uta\u021bi un ghid, Inessa Shahinyan, proprietar\/broker, v\u0103 va ajuta cu pl\u0103cere. Suna\u021bi sau trimite\u021bi un SMS la 702-505-3233.<\/p>\t\t\t\t\t\t\t\t<\/div>\n\t\t\t\t<\/div>\n\t\t\t\t<\/div>\n\t\t\t\t\t<\/div>\n\t\t<\/div>\n\t\t\t\t\t\t<\/div>\n\t\t\t\t<\/div>\n\t\t\t\t\t<\/div>\n\t\t\t\t<\/div>\n\t\t<div class=\"elementor-element elementor-element-ef9f5df e-flex e-con-boxed e-con e-parent\" data-id=\"ef9f5df\" data-element_type=\"container\" data-e-type=\"container\">\n\t\t\t\t\t<div class=\"e-con-inner\">\n\t\t<div class=\"elementor-element elementor-element-5580466 e-con-full e-flex e-con e-child\" data-id=\"5580466\" data-element_type=\"container\" data-e-type=\"container\">\n\t\t<div class=\"elementor-element elementor-element-e188087 e-con-full e-flex e-con e-child\" data-id=\"e188087\" data-element_type=\"container\" data-e-type=\"container\" data-settings=\"{&quot;background_background&quot;:&quot;classic&quot;}\">\n\t\t\t\t<div class=\"elementor-element elementor-element-4e5b0ff elementor-widget elementor-widget-heading\" data-id=\"4e5b0ff\" data-element_type=\"widget\" data-e-type=\"widget\" data-widget_type=\"heading.default\">\n\t\t\t\t<div class=\"elementor-widget-container\">\n\t\t\t\t\t<h5 class=\"elementor-heading-title elementor-size-default\">Companie de gaze din Las Vegas<\/h5>\t\t\t\t<\/div>\n\t\t\t\t<\/div>\n\t\t\t\t<div class=\"elementor-element elementor-element-42f5bfd elementor-widget elementor-widget-text-editor\" data-id=\"42f5bfd\" data-element_type=\"widget\" data-e-type=\"widget\" data-widget_type=\"text-editor.default\">\n\t\t\t\t<div class=\"elementor-widget-container\">\n\t\t\t\t\t\t\t\t\t<ul><li><a href=\"https:\/\/myaccount.swgas.com\/service\" target=\"_blank\" rel=\"noopener\">Southwest Gas<\/a>\u00a0\u2013 Serviciu de pornire sau mutare \u2013 877-860-6020<\/li><\/ul><p>\u00cen Las Vegas, este obi\u0219nuit s\u0103 prime\u0219ti televiziune, telefon \u0219i internet la pachet \u0219i s\u0103 fie furnizate ca serviciu de la o singur\u0103 companie.<\/p>\t\t\t\t\t\t\t\t<\/div>\n\t\t\t\t<\/div>\n\t\t\t\t<\/div>\n\t\t<div class=\"elementor-element elementor-element-dca92fa e-con-full e-flex e-con e-child\" data-id=\"dca92fa\" data-element_type=\"container\" data-e-type=\"container\" data-settings=\"{&quot;background_background&quot;:&quot;classic&quot;}\">\n\t\t\t\t<div class=\"elementor-element elementor-element-804ad43 elementor-widget elementor-widget-heading\" data-id=\"804ad43\" data-element_type=\"widget\" data-e-type=\"widget\" data-widget_type=\"heading.default\">\n\t\t\t\t<div class=\"elementor-widget-container\">\n\t\t\t\t\t<h5 class=\"elementor-heading-title elementor-size-default\">Companiile de cablu din Las Vegas<\/h5>\t\t\t\t<\/div>\n\t\t\t\t<\/div>\n\t\t\t\t<div class=\"elementor-element elementor-element-09b6aea elementor-widget elementor-widget-text-editor\" data-id=\"09b6aea\" data-element_type=\"widget\" data-e-type=\"widget\" data-widget_type=\"text-editor.default\">\n\t\t\t\t<div class=\"elementor-widget-container\">\n\t\t\t\t\t\t\t\t\t<ul><li><a href=\"https:\/\/www.cox.com\/residential\/home.html\" target=\"_blank\" rel=\"noopener\">Cox Cable<\/a>\u00a0\u2013 Serviciu nou,\u00a0<a href=\"https:\/\/www.cox.com\/residential\/home.html\" target=\"_blank\" rel=\"noopener\">Cox Cable<\/a>\u00a0\u2013 Serviciu de mutare \u2013\u00a0<span class=\"salesnums\">702-463-7904<\/span><\/li><li><a href=\"https:\/\/www.centurylink.com\/\" target=\"_blank\" rel=\"noopener\">Century Link<\/a>\u00a0\u2013 Prism TV \u2013 1-877-916-7369<\/li><li><a href=\"https:\/\/www.dish.com\/\" target=\"_blank\" rel=\"noopener\">Farfurie<\/a>\u00a0\u2013 1-866-359-3584<\/li><li><a href=\"https:\/\/www.xfinity.com\/national\/\" target=\"_blank\" rel=\"noopener\">Xfinity<\/a>\u00a0\u2013 (Comcast) \u2013 1-800-934-6489<\/li><li><a href=\"https:\/\/www.directv.com\/\" target=\"_blank\" rel=\"noopener\">DIRECTV<\/a>\u00a0\u2013 855-493-3473<\/li><\/ul>\t\t\t\t\t\t\t\t<\/div>\n\t\t\t\t<\/div>\n\t\t\t\t<\/div>\n\t\t<div class=\"elementor-element elementor-element-148e013 e-con-full e-flex e-con e-child\" data-id=\"148e013\" data-element_type=\"container\" data-e-type=\"container\" data-settings=\"{&quot;background_background&quot;:&quot;classic&quot;}\">\n\t\t\t\t<div class=\"elementor-element elementor-element-b609675 elementor-widget elementor-widget-heading\" data-id=\"b609675\" data-element_type=\"widget\" data-e-type=\"widget\" data-widget_type=\"heading.default\">\n\t\t\t\t<div class=\"elementor-widget-container\">\n\t\t\t\t\t<h5 class=\"elementor-heading-title elementor-size-default\">Po\u0219ta \u00een Las Vegas<\/h5>\t\t\t\t<\/div>\n\t\t\t\t<\/div>\n\t\t\t\t<div class=\"elementor-element elementor-element-82cc624 elementor-widget elementor-widget-text-editor\" data-id=\"82cc624\" data-element_type=\"widget\" data-e-type=\"widget\" data-widget_type=\"text-editor.default\">\n\t\t\t\t<div class=\"elementor-widget-container\">\n\t\t\t\t\t\t\t\t\t<ul><li><a href=\"https:\/\/www.usps.com\/manage\/forward.htm\" target=\"_blank\" rel=\"noopener\">Redirec\u021bionare\u00a0<\/a>prin USPS (Serviciile Po\u0219tale ale Statelor Unite)<\/li><\/ul>\t\t\t\t\t\t\t\t<\/div>\n\t\t\t\t<\/div>\n\t\t\t\t<\/div>\n\t\t<div class=\"elementor-element elementor-element-ad31553 e-con-full e-flex e-con e-child\" data-id=\"ad31553\" data-element_type=\"container\" data-e-type=\"container\" data-settings=\"{&quot;background_background&quot;:&quot;classic&quot;}\">\n\t\t\t\t<div class=\"elementor-element elementor-element-69417c8 elementor-widget elementor-widget-heading\" data-id=\"69417c8\" data-element_type=\"widget\" data-e-type=\"widget\" data-widget_type=\"heading.default\">\n\t\t\t\t<div class=\"elementor-widget-container\">\n\t\t\t\t\t<h5 class=\"elementor-heading-title elementor-size-default\">Servicii de telefonie \u0219i internet pentru Vegas<\/h5>\t\t\t\t<\/div>\n\t\t\t\t<\/div>\n\t\t\t\t<div class=\"elementor-element elementor-element-781f557 elementor-widget elementor-widget-text-editor\" data-id=\"781f557\" data-element_type=\"widget\" data-e-type=\"widget\" data-widget_type=\"text-editor.default\">\n\t\t\t\t<div class=\"elementor-widget-container\">\n\t\t\t\t\t\t\t\t\t<ul><li><a href=\"https:\/\/www.cox.com\/residential\/home.html\" target=\"_blank\" rel=\"noopener\">Cox<\/a>\u00a0\u2013 Serviciu nou,\u00a0<a href=\"https:\/\/www.cox.com\/residential\/home.html\" target=\"_blank\" rel=\"noopener\">Cox Cable<\/a>\u00a0\u2013 Serviciu de mutare \u2013\u00a0<span class=\"salesnums\">702-463-7904<\/span><\/li><li><a href=\"https:\/\/www.att.com\/\" target=\"_blank\" rel=\"noopener\">AT&amp;T\u00a0<\/a>\u2013 1-800-288-8783<\/li><li><a href=\"https:\/\/www.xfinity.com\/overview\" target=\"_blank\" rel=\"noopener\">Xfinity<\/a>\u00a0\u2013 (Comcast) \u2013 1-800-934-6489<\/li><li><a href=\"https:\/\/www.centurylink.com\/\" target=\"_blank\" rel=\"noopener\">Century Link<\/a>\u00a0\u2013 1-877-916-7369<\/li><\/ul>\t\t\t\t\t\t\t\t<\/div>\n\t\t\t\t<\/div>\n\t\t\t\t<\/div>\n\t\t<div class=\"elementor-element elementor-element-1545d80 e-con-full e-flex e-con e-child\" data-id=\"1545d80\" data-element_type=\"container\" data-e-type=\"container\" data-settings=\"{&quot;background_background&quot;:&quot;classic&quot;}\">\n\t\t\t\t<div class=\"elementor-element elementor-element-c95f114 elementor-widget elementor-widget-heading\" data-id=\"c95f114\" data-element_type=\"widget\" data-e-type=\"widget\" data-widget_type=\"heading.default\">\n\t\t\t\t<div class=\"elementor-widget-container\">\n\t\t\t\t\t<h5 class=\"elementor-heading-title elementor-size-default\">Putere \u00een Las Vegas<\/h5>\t\t\t\t<\/div>\n\t\t\t\t<\/div>\n\t\t\t\t<div class=\"elementor-element elementor-element-7e29c94 elementor-widget elementor-widget-text-editor\" data-id=\"7e29c94\" data-element_type=\"widget\" data-e-type=\"widget\" data-widget_type=\"text-editor.default\">\n\t\t\t\t<div class=\"elementor-widget-container\">\n\t\t\t\t\t\t\t\t\t<ul><li><a href=\"https:\/\/www.nvenergy.com\/home\/requestservice\/\" target=\"_blank\" rel=\"noopener\">Nevada Energy<\/a>\u00a0\u2013\u00a0<a href=\"https:\/\/www.nvenergy.com\/brochures_arch\/CustWelcomeGuide.pdf\" target=\"_blank\" rel=\"noopener\">Ghidul clien\u021bilor noi<\/a>\u00a0\u2013 (702) 402-5555<\/li><\/ul>\t\t\t\t\t\t\t\t<\/div>\n\t\t\t\t<\/div>\n\t\t\t\t<\/div>\n\t\t<div class=\"elementor-element elementor-element-2aabe5b e-con-full e-flex e-con e-child\" data-id=\"2aabe5b\" data-element_type=\"container\" data-e-type=\"container\" data-settings=\"{&quot;background_background&quot;:&quot;classic&quot;}\">\n\t\t\t\t<div class=\"elementor-element elementor-element-3666378 elementor-widget elementor-widget-heading\" data-id=\"3666378\" data-element_type=\"widget\" data-e-type=\"widget\" data-widget_type=\"heading.default\">\n\t\t\t\t<div class=\"elementor-widget-container\">\n\t\t\t\t\t<h5 class=\"elementor-heading-title elementor-size-default\">Serviciu de gunoi \u00een Las Vegas<\/h5>\t\t\t\t<\/div>\n\t\t\t\t<\/div>\n\t\t\t\t<div class=\"elementor-element elementor-element-b7482f5 elementor-widget elementor-widget-text-editor\" data-id=\"b7482f5\" data-element_type=\"widget\" data-e-type=\"widget\" data-widget_type=\"text-editor.default\">\n\t\t\t\t<div class=\"elementor-widget-container\">\n\t\t\t\t\t\t\t\t\t<ul><li><a href=\"https:\/\/www.republicservices.com\/shop\" target=\"_blank\" rel=\"noopener\">Servicii Republicii<\/a>\u00a0\u2013 (702) 735-5151<\/li><\/ul>\t\t\t\t\t\t\t\t<\/div>\n\t\t\t\t<\/div>\n\t\t\t\t<\/div>\n\t\t<div class=\"elementor-element elementor-element-5661561 e-con-full e-flex e-con e-child\" data-id=\"5661561\" data-element_type=\"container\" data-e-type=\"container\" data-settings=\"{&quot;background_background&quot;:&quot;classic&quot;}\">\n\t\t\t\t<div class=\"elementor-element elementor-element-11d9055 elementor-widget elementor-widget-heading\" data-id=\"11d9055\" data-element_type=\"widget\" data-e-type=\"widget\" data-widget_type=\"heading.default\">\n\t\t\t\t<div class=\"elementor-widget-container\">\n\t\t\t\t\t<h5 class=\"elementor-heading-title elementor-size-default\">Serviciul de ap\u0103 din Las Vegas<\/h5>\t\t\t\t<\/div>\n\t\t\t\t<\/div>\n\t\t\t\t<div class=\"elementor-element elementor-element-af612fd elementor-widget elementor-widget-text-editor\" data-id=\"af612fd\" data-element_type=\"widget\" data-e-type=\"widget\" data-widget_type=\"text-editor.default\">\n\t\t\t\t<div class=\"elementor-widget-container\">\n\t\t\t\t\t\t\t\t\t<ul><li><a href=\"https:\/\/www.lvvwd.com\/\" target=\"_blank\" rel=\"noopener\">Districtul de ap\u0103 din Valea Las Vegas<\/a>\u00a0\u2013 702-870-4194<\/li><\/ul>\t\t\t\t\t\t\t\t<\/div>\n\t\t\t\t<\/div>\n\t\t\t\t<\/div>\n\t\t\t\t<\/div>\n\t\t\t\t<div class=\"elementor-element elementor-element-e602925 elementor-widget__width-initial elementor-widget-mobile__width-inherit elementor-widget elementor-widget-image\" data-id=\"e602925\" data-element_type=\"widget\" data-e-type=\"widget\" data-widget_type=\"image.default\">\n\t\t\t\t<div class=\"elementor-widget-container\">\n\t\t\t\t\t\t\t\t\t\t\t\t\t\t\t<img fetchpriority=\"high\" decoding=\"async\" width=\"1259\" height=\"1534\" src=\"https:\/\/www.showvegasrealty.com\/wp-content\/uploads\/2025\/07\/WhatsApp-Image-2025-07-02-at-22.48.28_0da130b9.webp\" class=\"attachment-full size-full wp-image-2133\" alt=\"\" srcset=\"https:\/\/www.showvegasrealty.com\/wp-content\/uploads\/2025\/07\/WhatsApp-Image-2025-07-02-at-22.48.28_0da130b9.webp 1259w, https:\/\/www.showvegasrealty.com\/wp-content\/uploads\/2025\/07\/WhatsApp-Image-2025-07-02-at-22.48.28_0da130b9-246x300.webp 246w, https:\/\/www.showvegasrealty.com\/wp-content\/uploads\/2025\/07\/WhatsApp-Image-2025-07-02-at-22.48.28_0da130b9-840x1024.webp 840w, https:\/\/www.showvegasrealty.com\/wp-content\/uploads\/2025\/07\/WhatsApp-Image-2025-07-02-at-22.48.28_0da130b9-768x936.webp 768w\" sizes=\"(max-width: 1259px) 100vw, 1259px\" \/>\t\t\t\t\t\t\t\t\t\t\t\t\t\t\t<\/div>\n\t\t\t\t<\/div>\n\t\t\t\t\t<\/div>\n\t\t\t\t<\/div>\n\t\t\t\t<\/div>","protected":false},"excerpt":{"rendered":"<p>Utilities Neighborhood guide Contact Us Expert Guidance Las Vegas Utilities List Certified. Responsive. Professional. When it comes time to move, you\u2019ll find yourself in need of a Las Vegas Utilities list. This list includes popular services for the Las Vegas, North Las Vegas, and Henderson area. If you haven\u2019t yet made your Las Vegas home [&hellip;]<\/p>\n","protected":false},"author":1,"featured_media":0,"parent":0,"menu_order":0,"comment_status":"closed","ping_status":"closed","template":"","meta":{"_mo_disable_npp":"","footnotes":""},"class_list":["post-3714","page","type-page","status-publish","hentry"],"_links":{"self":[{"href":"https:\/\/www.showvegasrealty.com\/ro\/wp-json\/wp\/v2\/pages\/3714","targetHints":{"allow":["GET"]}}],"collection":[{"href":"https:\/\/www.showvegasrealty.com\/ro\/wp-json\/wp\/v2\/pages"}],"about":[{"href":"https:\/\/www.showvegasrealty.com\/ro\/wp-json\/wp\/v2\/types\/page"}],"author":[{"embeddable":true,"href":"https:\/\/www.showvegasrealty.com\/ro\/wp-json\/wp\/v2\/users\/1"}],"replies":[{"embeddable":true,"href":"https:\/\/www.showvegasrealty.com\/ro\/wp-json\/wp\/v2\/comments?post=3714"}],"version-history":[{"count":0,"href":"https:\/\/www.showvegasrealty.com\/ro\/wp-json\/wp\/v2\/pages\/3714\/revisions"}],"wp:attachment":[{"href":"https:\/\/www.showvegasrealty.com\/ro\/wp-json\/wp\/v2\/media?parent=3714"}],"curies":[{"name":"wp","href":"https:\/\/api.w.org\/{rel}","templated":true}]}}